{"id":21,"date":"2017-04-18T18:12:20","date_gmt":"2017-04-18T18:12:20","guid":{"rendered":"http:\/\/engenhariadomus.com.br\/?page_id=21"},"modified":"2017-05-25T17:33:48","modified_gmt":"2017-05-25T17:33:48","slug":"a-domus-engenharia","status":"publish","type":"page","link":"https:\/\/engenhariadomus.com.br\/?page_id=21","title":{"rendered":"A Domus Engenharia"},"content":{"rendered":"<p><span style=\"font-size: large;\"><strong>Modernidade e sustentabilidade aliadas \u00e0 efici\u00eancia!<\/strong><\/span><\/p>\n<p><font size=\"4\"><br \/>\nA Domus Engenharia \u00e9 uma empresa que surge no mercado da Constru\u00e7\u00e3o Civil para a constru\u00e7\u00e3o de edifica\u00e7\u00f5es, obras e servi\u00e7os de recupera\u00e7\u00e3o predial e industrial,\u00a0com todos os seus esfor\u00e7os voltados para a garantia de alta performance no cumprimento dos compromissos assumidos com seus clientes.<\/span><\/p>\n<p>A Domus Engenharia n\u00e3o \u00e9 a melhor, \u00e9 apenas diferente!<\/p>\n<p>A Domus Engenharia tem compromisso com a sustentabilidade social e a atua\u00e7\u00e3o efetiva em prol da melhoria da qualidade de vida da popula\u00e7\u00e3o, investindo em solu\u00e7\u00f5es de\u00a0Engenharia nas quais \u00e9 realizado um trabalho de educa\u00e7\u00e3o e capacita\u00e7\u00e3o de nossos colaboradores.<br \/>\n<\/font><\/p>\n<p><span style=\"font-size: large;\"><strong>Vis\u00e3o<\/strong><\/span><span style=\"font-size: large;\"><br \/>\n<font size=\"4\"><br \/>\nMiss\u00e3o: Garantir a satisfa\u00e7\u00e3o de nossos clientes, fornecendo solu\u00e7\u00f5es de qualidade em Engenharia, com efic\u00e1cia, seriedade e responsabilidade social.<\/span><\/span><\/p>\n<p>Vis\u00e3o: Ser refer\u00eancia nos servi\u00e7os de Engenharia no Brasil.<\/p>\n<p>Valores: Nossos servi\u00e7os buscam garantir a qualidade de vida de clientes, colaboradores e fornecedores. Prezamos comprometimento, confian\u00e7a, respeito, pontualidade e\u00a0responsabilidade socioambiental.<br \/>\n<\/font><\/p>\n","protected":false},"excerpt":{"rendered":"<p>Modernidade e sustentabilidade aliadas \u00e0 efici\u00eancia! A Domus Engenharia \u00e9 uma empresa que surge no mercado da Constru\u00e7\u00e3o Civil para a constru\u00e7\u00e3o de edifica\u00e7\u00f5es, obras e servi\u00e7os de recupera\u00e7\u00e3o predial e industrial,\u00a0com todos os seus esfor\u00e7os voltados para a garantia de alta performance no cumprimento dos compromissos assumidos com seus&#8230;<\/p>\n","protected":false},"author":1,"featured_media":12,"parent":0,"menu_order":0,"comment_status":"closed","ping_status":"closed","template":"template-fullwidth.php","meta":[],"_links":{"self":[{"href":"https:\/\/engenhariadomus.com.br\/index.php?rest_route=\/wp\/v2\/pages\/21"}],"collection":[{"href":"https:\/\/engenhariadomus.com.br\/index.php?rest_route=\/wp\/v2\/pages"}],"about":[{"href":"https:\/\/engenhariadomus.com.br\/index.php?rest_route=\/wp\/v2\/types\/page"}],"author":[{"embeddable":true,"href":"https:\/\/engenhariadomus.com.br\/index.php?rest_route=\/wp\/v2\/users\/1"}],"replies":[{"embeddable":true,"href":"https:\/\/engenhariadomus.com.br\/index.php?rest_route=%2Fwp%2Fv2%2Fcomments&post=21"}],"version-history":[{"count":27,"href":"https:\/\/engenhariadomus.com.br\/index.php?rest_route=\/wp\/v2\/pages\/21\/revisions"}],"predecessor-version":[{"id":171,"href":"https:\/\/engenhariadomus.com.br\/index.php?rest_route=\/wp\/v2\/pages\/21\/revisions\/171"}],"wp:featuredmedia":[{"embeddable":true,"href":"https:\/\/engenhariadomus.com.br\/index.php?rest_route=\/wp\/v2\/media\/12"}],"wp:attachment":[{"href":"https:\/\/engenhariadomus.com.br\/index.php?rest_route=%2Fwp%2Fv2%2Fmedia&parent=21"}],"curies":[{"name":"wp","href":"https:\/\/api.w.org\/{rel}","templated":true}]}}